{"id":326,"date":"2026-02-16T17:08:44","date_gmt":"2026-02-16T17:08:44","guid":{"rendered":"https:\/\/test.proassekuranzmakler.de\/?page_id=326"},"modified":"2026-03-05T11:24:44","modified_gmt":"2026-03-05T11:24:44","slug":"impressum-2","status":"publish","type":"page","link":"https:\/\/test.proassekuranzmakler.de\/?page_id=326","title":{"rendered":"Impressum"},"content":{"rendered":"\t\t<div data-elementor-type=\"wp-page\" data-elementor-id=\"326\" class=\"elementor elementor-326\">\n\t\t\t\t<div class=\"elementor-element elementor-element-270bb11 e-flex e-con-boxed wpr-particle-no wpr-jarallax-no wpr-parallax-no wpr-sticky-section-no wpr-column-slider-no wpr-equal-height-no e-con e-parent\" data-id=\"270bb11\" data-element_type=\"container\" data-e-type=\"container\">\n\t\t\t\t\t<div class=\"e-con-inner\">\n\t\t\t\t<div class=\"elementor-element elementor-element-45d3d7a elementor-widget elementor-widget-heading\" data-id=\"45d3d7a\" data-element_type=\"widget\" data-e-type=\"widget\" data-widget_type=\"heading.default\">\n\t\t\t\t\t<h2 class=\"elementor-heading-title elementor-size-default\">impressum<\/h2>\t\t\t\t<\/div>\n\t\t\t\t<div class=\"elementor-element elementor-element-652ca38 elementor-widget elementor-widget-text-editor\" data-id=\"652ca38\" data-element_type=\"widget\" data-e-type=\"widget\" data-widget_type=\"text-editor.default\">\n\t\t\t\t\t\t\t\t\t<p><strong>ProAssekuranzmakler GmbH<\/strong><br \/>Stolkgasse 25-45<br \/>50667 K\u00f6ln<\/p><p>Telefon: 0221 \/ 931 254 &#8211; 89<br \/>Fax: 0221 \/ 931 254 \u2013 1089<br \/>E-Mail: mail@proassekuranzmakler.de<\/p><p>Gesellschaftsform: GmbH<\/p><p>Handelsregister: HRB 67601 eingetragen beim Amtsgericht K\u00f6ln<\/p><p>Gesch\u00e4ftsf\u00fchrung: Sebastian Fehr, J\u00f6rg Funck<\/p><p>Ust-ID: DE 327 033 990 Finanzamt K\u00f6ln<\/p><p><strong>Inhalt:<\/strong> <br \/>Die ProAssekuranzmakler GmbH ist bem\u00fcht, den Inhalt dieser Website richtig, vollst\u00e4ndig und aktuell zu gestalten und regelm\u00e4\u00dfig anzupassen. Die Haftung f\u00fcr die Aktualit\u00e4t, Richtigkeit, Vollst\u00e4ndigkeit oder Qualit\u00e4t der Website ist jedoch ausgeschlossen. Die ProAssekuranzmakler GmbH beh\u00e4lt es sich vor, jederzeit den Inhalt der Website zu ver\u00e4ndern, zu erg\u00e4nzen, zu l\u00f6schen oder die Ver\u00f6ffentlichung einzustellen.<\/p><p><strong>Bildnachweis<\/strong><br \/>iStockphoto<\/p><p><strong>Links zu anderen Seiten:<\/strong> <br \/>Die ProAssekuranzmakler GmbH ist f\u00fcr die eigenen Inhalte dieser Website nach den vorstehenden Regelungen und dar\u00fcber hinaus nach den allgemeinen Gesetzen verantwortlich. Von diesen eigenen Inhalten sind Links auf die Websites Dritter zu unterscheiden. F\u00fcr den Inhalt der Websites, die aufgrund einer solchen Verbindung erreicht werden, ist die ProAssekuranzmakler GmbH nicht verantwortlich.<\/p><p><strong>Verg\u00fctung der Versicherungsvermittlung:<\/strong><br \/>Die ProAssekuranzmakler GmbH wird durch den Versicherer bei erfolgreicher Versicherungsvermittlung in Form einer Courtage verg\u00fctet.<\/p><p><strong>Statusinformationen gem\u00e4\u00df \u00a7 11 Versicherungsvermittlungsverordnung:<\/strong><br \/>Die ProAssekuranzmakler GmbH ist als Versicherungsmakler mit einer Erlaubnis nach \u00a7 34d Abs. 1 der Gewerbeordnung registriert. Die ProAssekuranzmakler GmbH h\u00e4lt keine direkte oder indirekte Beteiligung von \u00fcber 10% an den Stimmrechten oder am Kapital eines Versicherungsunternehmens.<\/p><p><strong>Zust\u00e4ndige Registerstelle des Vermittlerregisters und Registernummer Registerstelle:<\/strong><br \/>IHK K\u00f6ln<br \/>Unter Sachsenhausen 10-26, 50667 K\u00f6ln<br \/>Telefon: 0221 \/ 16 40 \u2013 0<br \/>Web: www.ihk-koeln.de<\/p><p><strong>Versicherungsvermittlerregister gem\u00e4\u00df \u00a7 11a Gewerbeordnung<\/strong><br \/>Registernummer: D-YO7X-V8G79-26<br \/>Datum der Eintragung: 28.08.2019<br \/>Land der Zulassung: Deutschland<br \/>Status: Versicherungsmakler mit Erlaubnis nach \u00a7 34d Abs. 1 GewO<br \/>Gesetzlicher Vertreter: Sebastian Fehr (Gesch\u00e4ftsf\u00fchrer)<br \/>www.gesetze-im-internet.de<\/p><p><strong>Registerf\u00fchrende gemeinsame Stelle:<\/strong><br \/>Deutsche Industrie- und Handelskammer<br \/>K\u00f6rperschaft des \u00f6ffentlichen Rechts<br \/>Breite Stra\u00dfe 29, 10178 Berlin<br \/>Telefon: 0180 \/ 600 585 0 (20 Cent\/Anruf)<br \/>Web: www.vermittlerregister.org bzw. www.vermittlerregister.info<\/p><p><strong>Zust\u00e4ndige Schlichtungsstelle:<\/strong><br \/>Versicherungsombudsmann e.V.<br \/>Postfach 080632, 10006 Berlin<br \/>Web: www.versicherungsombudsmann.de<br \/>E-Mail: beschwerde@versicherungsombudsmann.de<\/p><p><strong>Beteiligungsverh\u00e4ltnisse i.S.d. \u00a7 11 Versicherungsvermittlungsverordnung<\/strong><br \/>Die Provinzial Holding Aktiengesellschaft h\u00e4lt indirekt \u00fcber die ProService Versicherungsmakler GmbH mehr als 10% der Anteile der ProAssekuranzmakler GmbH.<\/p>\t\t\t\t\t\t\t\t<\/div>\n\t\t\t\t\t<\/div>\n\t\t\t\t<\/div>\n\t\t<div class=\"elementor-element elementor-element-2cdab10 e-flex e-con-boxed wpr-particle-no wpr-jarallax-no wpr-parallax-no wpr-sticky-section-no wpr-column-slider-no wpr-equal-height-no e-con e-parent\" data-id=\"2cdab10\" data-element_type=\"container\" data-e-type=\"container\">\n\t\t\t\t\t<div class=\"e-con-inner\">\n\t\t\t\t\t<\/div>\n\t\t\t\t<\/div>\n\t\t\t\t<\/div>\n\t\t","protected":false},"excerpt":{"rendered":"<p>impressum ProAssekuranzmakler GmbHStolkgasse 25-4550667 K\u00f6ln Telefon: 0221 \/ 931 254 &#8211; 89Fax: 0221 \/ 931 254 \u2013 1089E-Mail: mail@proassekuranzmakler.de Gesellschaftsform: GmbH Handelsregister: HRB 67601 eingetragen beim Amtsgericht K\u00f6ln Gesch\u00e4ftsf\u00fchrung: Sebastian Fehr, J\u00f6rg Funck Ust-ID: DE 327 033 990 Finanzamt K\u00f6ln Inhalt: Die ProAssekuranzmakler GmbH ist bem\u00fcht, den Inhalt dieser Website richtig, vollst\u00e4ndig und aktuell zu gestalten und regelm\u00e4\u00dfig anzupassen. Die Haftung f\u00fcr die Aktualit\u00e4t, Richtigkeit, Vollst\u00e4ndigkeit oder Qualit\u00e4t der Website ist jedoch ausgeschlossen. Die ProAssekuranzmakler GmbH beh\u00e4lt es sich vor, jederzeit den Inhalt der Website zu ver\u00e4ndern, zu erg\u00e4nzen, zu l\u00f6schen oder die Ver\u00f6ffentlichung einzustellen. BildnachweisiStockphoto Links zu anderen Seiten: Die ProAssekuranzmakler GmbH ist f\u00fcr die eigenen Inhalte dieser Website nach den vorstehenden Regelungen und dar\u00fcber hinaus nach den allgemeinen Gesetzen verantwortlich. Von diesen eigenen Inhalten sind Links auf die Websites Dritter zu unterscheiden. F\u00fcr den Inhalt der Websites, die aufgrund einer solchen Verbindung erreicht werden, ist die ProAssekuranzmakler GmbH nicht verantwortlich. Verg\u00fctung der Versicherungsvermittlung:Die ProAssekuranzmakler GmbH wird durch den Versicherer bei erfolgreicher Versicherungsvermittlung in Form einer Courtage verg\u00fctet. Statusinformationen gem\u00e4\u00df \u00a7 11 Versicherungsvermittlungsverordnung:Die ProAssekuranzmakler GmbH ist als Versicherungsmakler mit einer Erlaubnis nach \u00a7 34d Abs. 1 der Gewerbeordnung registriert. Die ProAssekuranzmakler GmbH h\u00e4lt keine direkte oder indirekte Beteiligung von \u00fcber 10% an den Stimmrechten oder am Kapital eines Versicherungsunternehmens. Zust\u00e4ndige Registerstelle des Vermittlerregisters und Registernummer Registerstelle:IHK K\u00f6lnUnter Sachsenhausen 10-26, 50667 K\u00f6lnTelefon: 0221 \/ 16 40 \u2013 0Web: www.ihk-koeln.de Versicherungsvermittlerregister gem\u00e4\u00df \u00a7 11a GewerbeordnungRegisternummer: D-YO7X-V8G79-26Datum der Eintragung: 28.08.2019Land der Zulassung: DeutschlandStatus: Versicherungsmakler mit Erlaubnis nach \u00a7 34d Abs. 1 GewOGesetzlicher Vertreter: Sebastian Fehr (Gesch\u00e4ftsf\u00fchrer)www.gesetze-im-internet.de Registerf\u00fchrende gemeinsame Stelle:Deutsche Industrie- und HandelskammerK\u00f6rperschaft des \u00f6ffentlichen RechtsBreite Stra\u00dfe 29, 10178 BerlinTelefon: 0180 \/ 600 585 0 (20 Cent\/Anruf)Web: www.vermittlerregister.org bzw. www.vermittlerregister.info Zust\u00e4ndige Schlichtungsstelle:Versicherungsombudsmann e.V.Postfach 080632, 10006 BerlinWeb: www.versicherungsombudsmann.deE-Mail: beschwerde@versicherungsombudsmann.de Beteiligungsverh\u00e4ltnisse i.S.d. \u00a7 11 VersicherungsvermittlungsverordnungDie Provinzial Holding Aktiengesellschaft h\u00e4lt indirekt \u00fcber die ProService Versicherungsmakler GmbH mehr als 10% der Anteile der ProAssekuranzmakler GmbH.<\/p>\n","protected":false},"author":269596234,"featured_media":0,"parent":0,"menu_order":0,"comment_status":"closed","ping_status":"closed","template":"","meta":{"_crdt_document":"","footnotes":""},"class_list":["post-326","page","type-page","status-publish","hentry"],"_links":{"self":[{"href":"https:\/\/test.proassekuranzmakler.de\/index.php?rest_route=\/wp\/v2\/pages\/326","targetHints":{"allow":["GET"]}}],"collection":[{"href":"https:\/\/test.proassekuranzmakler.de\/index.php?rest_route=\/wp\/v2\/pages"}],"about":[{"href":"https:\/\/test.proassekuranzmakler.de\/index.php?rest_route=\/wp\/v2\/types\/page"}],"author":[{"embeddable":true,"href":"https:\/\/test.proassekuranzmakler.de\/index.php?rest_route=\/wp\/v2\/users\/269596234"}],"replies":[{"embeddable":true,"href":"https:\/\/test.proassekuranzmakler.de\/index.php?rest_route=%2Fwp%2Fv2%2Fcomments&post=326"}],"version-history":[{"count":0,"href":"https:\/\/test.proassekuranzmakler.de\/index.php?rest_route=\/wp\/v2\/pages\/326\/revisions"}],"wp:attachment":[{"href":"https:\/\/test.proassekuranzmakler.de\/index.php?rest_route=%2Fwp%2Fv2%2Fmedia&parent=326"}],"curies":[{"name":"wp","href":"https:\/\/api.w.org\/{rel}","templated":true}]}}