{"id":316,"date":"2026-02-16T17:03:24","date_gmt":"2026-02-16T17:03:24","guid":{"rendered":"https:\/\/test.proassekuranzmakler.de\/?page_id=316"},"modified":"2026-02-17T16:22:03","modified_gmt":"2026-02-17T16:22:03","slug":"datenschutz-2","status":"publish","type":"page","link":"https:\/\/test.proassekuranzmakler.de\/?page_id=316","title":{"rendered":"Datenschutz"},"content":{"rendered":"\t\t<div data-elementor-type=\"wp-page\" data-elementor-id=\"316\" class=\"elementor elementor-316\">\n\t\t\t\t<div class=\"elementor-element elementor-element-a96da8e e-flex e-con-boxed wpr-particle-no wpr-jarallax-no wpr-parallax-no wpr-sticky-section-no wpr-column-slider-no wpr-equal-height-no e-con e-parent\" data-id=\"a96da8e\" data-element_type=\"container\" data-e-type=\"container\">\n\t\t\t\t\t<div class=\"e-con-inner\">\n\t\t\t\t<div class=\"elementor-element elementor-element-8074765 elementor-widget elementor-widget-heading\" data-id=\"8074765\" data-element_type=\"widget\" data-e-type=\"widget\" data-widget_type=\"heading.default\">\n\t\t\t\t\t<h2 class=\"elementor-heading-title elementor-size-default\">Datenschutzerkl\u00e4rung<\/h2>\t\t\t\t<\/div>\n\t\t\t\t<div class=\"elementor-element elementor-element-316c9f4 elementor-widget elementor-widget-text-editor\" data-id=\"316c9f4\" data-element_type=\"widget\" data-e-type=\"widget\" data-widget_type=\"text-editor.default\">\n\t\t\t\t\t\t\t\t\t<p>ProAssekuranzmakler GmbH hat sich der Integrit\u00e4t im Umgang mit ihren Kunden, Mitarbeitern und Gesch\u00e4ftspartnern verschrieben. Diese Verpflichtung gilt f\u00fcr alle pers\u00f6nlichen Daten, die wir von unseren Kunden und von Interessenten erhalten. Wir verpflichten uns, den Schutz der personenbezogenen Daten zu respektieren und die Vertraulichkeit von personenbezogenen Daten sowie die Sicherheit der Datenverarbeitungssysteme zu sch\u00fctzen.<\/p><p>Mit den nachfolgenden Hinweisen informieren wir Sie \u2013 als Kunde bzw. Interessent \u2013 \u00fcber die Verarbeitung Ihrer personenbezogenen Daten durch die ProAssekuranzmakler GmbH und die Ihnen nach dem Datenschutzrecht zustehenden Rechte.<\/p><p><strong>1. Verantwortlicher f\u00fcr die Datenverarbeitung<\/strong><\/p><p>Die Kontaktdaten des Verantwortlichen f\u00fcr die Datenverarbeitung und den Datenschutz<br \/>ProAssekuranzmakler GmbH<br \/>Stolkgasse 25-45<br \/>50667 K\u00f6ln<br \/>Telefon: 0221 \/ 931 254 &#8211; 89<br \/>E-Mail: mail@proassekuranzmakler.de<br \/>Webseite: www.proassekuranzmakler.de<\/p><p><strong>2. Zwecke und Rechtsgrundlagen der Datenverarbeitung<\/strong><\/p><p>2.1. Wir verarbeiten Ihre personenbezogenen Daten unter Beachtung der EU-Datenschutz-Grundverordnung (DSGVO), des Bundesdatenschutzgesetzes (BDSG) sowie aller weiteren ma\u00dfgeblichen Gesetze.<\/p><p>2.2. Wir verarbeiten folgende Kategorien personenbezogener Daten:<br \/>Personenstammdaten<br \/>Kontakt- und Kommunikationsdaten<br \/>Versicherungsvertrags- und Schadendaten inklusive Fotos von Sch\u00e4den<br \/>Finanz-, Bankverbindungs- und Abrechnungsdaten sowie medizinische und gesundheitliche Daten, nur sofern Sie eine Lebens-, Renten- oder Unfallversicherung \u00fcber uns abschlie\u00dfen<\/p><p>2.3. F\u00fcr die Verarbeitung Ihrer Daten f\u00fcr den Zweck der \u00fcberpr\u00fcfung, Eindeckung und Betreuung von Versicherungsvertr\u00e4gen sowie Begleitung von Leistungs- und Schadenf\u00e4llen haben Sie uns eine Einwilligung gem\u00e4\u00df Art. 6 Abs. 1 a) bis 1 c) DSGVO oder, sofern es sich um die Verarbeitung besonderer Kategorien personenbezogener Daten f\u00fcr die Lebens-, Renten- oder Unfallversicherung handelt, Art. 9 Abs. 2 a) DSGVO erteilt.<\/p><p>2.4. Dar\u00fcber hinaus verarbeiten wir Ihre personenbezogenen Daten zur Erf\u00fcllung gesetzlicher Verpflichtungen wie z. B. aufsichtsrechtlicher Vorgaben, handels- und steuerrechtlicher Aufbewahrungspflichten oder unserer Beratungspflicht. Als Rechtsgrundlage f\u00fcr die Verarbeitung dienen in diesem Fall die jeweiligen gesetzlichen Regelungen in Verbindung mit Art. 6 Abs. 1 c) DSGVO.<\/p><p>2.5. Ihre Daten verarbeiten wir auch, um berechtigte Interessen von uns oder von Dritten zu wahren (Art. 6 Abs. 1 f) DSGVO). Dies kann insbesondere erforderlich sein:<br \/>zur Erstellung von spezifischen Statistiken, z.B. Monatsabschl\u00fcssen, Bestandsentwicklung, Bestandsdaten f\u00fcr Rahmenvertr\u00e4ge, Schadenquoten zur Umdeckung und Sanierungsabwehr,<br \/>zur Gew\u00e4hrleistung der IT-Sicherheit und des IT-Betriebs,<br \/>zur Information oder Werbung in Zusammenhang mit neuen Risiken und versicherbaren Gefahren sowie Entwicklungen auf dem Versicherungsmarkt.<\/p><p>2.6. Die Betreuung Ihrer Vertr\u00e4ge (z.B. Abschluss, Anpassung, \u00c4nderung, Ruhestellung, Umdeckung, K\u00fcndigung) ist ohne die Verarbeitung Ihrer personenbezogenen Daten nicht m\u00f6glich.<\/p><p>2.7. Sollten wir Ihre personenbezogenen Daten f\u00fcr einen oben nicht genannten Zweck verarbeiten wollen, werden wir Sie im Rahmen der gesetzlichen Bestimmungen dar\u00fcber zuvor informieren.<\/p><p><br \/><strong>3. Kategorien von Empf\u00e4ngern der personenbezogenen Daten<\/strong><\/p><p>3.1. Allgemeine Datenverarbeitung in der Unternehmensgruppe:<br \/>ProService Versicherungsmakler GmbH \u00fcbernimmt die gesamte Datenverarbeitung f\u00fcr die ProAssekuranzmakler GmbH.<\/p><p>3.2. Versicherungsmarkt-Teilnehmer:<br \/>F\u00fcr die \u00fcberpr\u00fcfung, Eindeckung und Betreuung von Versicherungsvertr\u00e4gen sowie Begleitung von Leistungs- und Schadenf\u00e4llen, ist es erforderlich, dass wir Ihre Risiko-, Vertrags-, Schaden- und Leistungsdaten an Versicherer, R\u00fcckversicherer, Sachverst\u00e4ndige, Assekurateure, Spezialvermittler, Kooperationsmakler oder Maklerverbunde sowie Rechtsanw\u00e4lte, Steuerberater, Wirtschaftspr\u00fcfer, Ombudsm\u00e4nner und Rechtsnachfolger \u00fcbermitteln. F\u00fcr Auslandsrisiken werden auch entsprechende Versicherungsmarkt-Teilnehmer im Ausland einbezogen. Dar\u00fcber hinaus ist es m\u00f6glich, dass diese Unternehmen aufgrund ihrer besonderen Sachkunde bei der Risiko- oder Leistungspr\u00fcfung sowie bei der Bewertung von Verfahrensabl\u00e4ufen uns unterst\u00fctzen. Wir \u00fcbermitteln Ihre Daten an diese Unternehmen nur soweit dies f\u00fcr die Erf\u00fcllung unseres Beratungsauftrages Ihnen gegen\u00fcber erforderlich ist.<\/p><p>3.3. Externe Dienstleister:<br \/>Wir bedienen uns zur Erf\u00fcllung unserer vertraglichen und gesetzlichen Pflichten zum Teil folgender externer Dienstleister.<br \/>Unternehmen &#8211; Aufgaben<\/p><ul><li>Assfinet GmbH &#8211; Bereitstellung von Anwendungen und Datenbanken<\/li><li>Host Europe GmbH &#8211; Bereitstellung und Betrieb von Cloud-Diensten, Rechenkapazit\u00e4ten und Speicherplatz<\/li><li>Society Solutions GmbH &#8211; Bereitstellung und Betrieb von Cloud-Diensten, Rechenkapazit\u00e4ten und Speicherplatz<\/li><li>Telekom Deutschland GmbH &#8211; Bereitstellung und Betrieb von Cloud-Diensten, Rechenkapazit\u00e4ten und Speicherplatz<\/li><\/ul><p>\u00a0<\/p><p>3.4. Weitere Empf\u00e4nger:<br \/>Dar\u00fcber hinaus k\u00f6nnen wir Ihre personenbezogenen Daten an weitere Empf\u00e4nger \u00fcbermitteln, wie etwa an Beh\u00f6rden zur Erf\u00fcllung gesetzlicher Mitteilungspflichten (z. B. Sozialversicherungstr\u00e4ger, Finanzbeh\u00f6rden oder Strafverfolgungsbeh\u00f6rden).<\/p><p><br \/><strong>4. Dauer der Datenspeicherung<\/strong><\/p><p>Wir l\u00f6schen Ihre personenbezogenen Daten sobald sie f\u00fcr die oben genannten Zwecke nicht mehr erforderlich sind. Dabei kann es vorkommen, dass personenbezogene Daten f\u00fcr die Zeit aufbewahrt werden, in der Anspr\u00fcche gegen unser Unternehmen geltend gemacht werden k\u00f6nnen (gesetzliche Verj\u00e4hrungsfrist von drei oder bis zu drei\u00dfig Jahren). Zudem speichern wir Ihre personenbezogenen Daten, soweit wir dazu gesetzlich verpflichtet sind. Entsprechende Nachweis- und Aufbewahrungspflichten ergeben sich unter anderem aus dem Handelsgesetzbuch, der Abgabenordnung und dem Geldw\u00e4schegesetz. Die Speicherfristen betragen danach bis zu zehn Jahren.<\/p><p><br \/><strong>5. Recht auf Auskunft, Berichtigung, L\u00f6schung, Einschr\u00e4nkung der Verarbeitung und Daten\u00fcbertragbarkeit<\/strong><\/p><p>Sie k\u00f6nnen unter der o. g. Adresse Auskunft \u00fcber die zu Ihrer Person gespeicherten Daten verlangen. Dar\u00fcber hinaus k\u00f6nnen Sie unter bestimmten Voraussetzungen die Berichtigung oder die L\u00f6schung Ihrer Daten verlangen. Ihnen kann weiterhin ein Recht auf Einschr\u00e4nkung der Verarbeitung Ihrer Daten sowie ein Recht auf Herausgabe der von Ihnen bereitgestellten Daten in einem strukturierten, g\u00e4ngigen und maschinenlesbaren Format zustehen.<\/p><p><br \/><strong>6. Widerspruchsrecht<\/strong><\/p><p>6.1. Sie haben das Recht, einer Verarbeitung Ihrer personenbezogenen Daten zu Zwecken der Direktwerbung zu widersprechen.<\/p><p>6.2. Verarbeiten wir Ihre Daten zur Wahrung berechtigter Interessen, k\u00f6nnen Sie dieser Verarbeitung widersprechen, wenn sich aus Ihrer besonderen Situation Gr\u00fcnde ergeben, die gegen die Datenverarbeitung sprechen.<\/p><p>6.3. Eine von Ihnen erteilte Einwilligung gem\u00e4\u00df Art. 6 Abs. 1 lit. a oder Art. 9 Abs. 2 lit. a DSGVO k\u00f6nnen Sie jederzeit widerrufen, ohne dass die Rechtm\u00e4\u00dfigkeit der aufgrund der Einwilligung bis zum Widerruf erfolgten Verarbeitung ber\u00fchrt wird.<\/p><p><br \/><strong>7. Beschwerderecht<\/strong><\/p><p>7.1. Wenn Sie der Auffassung sind, dass eine Datenverarbeitung gegen Datenschutzrecht verst\u00f6\u00dft, haben Sie das Recht, sich bei einer Datenschutzaufsichtsbeh\u00f6rde Ihrer Wahl zu beschweren (Art. 77 DS-GVO i.V.m. \u00a7 19 BDSG). Hierzu geh\u00f6rt auch die f\u00fcr uns zust\u00e4ndige Datenschutzaufsichtsbeh\u00f6rde, die Sie der nachfolgenden Ziffer entnehmen k\u00f6nnen.<\/p><p>7.2. Kontaktdaten der Datenschutzaufsichtsbeh\u00f6rde:<br \/>Landesbeauftragte f\u00fcr Datenschutz und Informationsfreiheit Nordrhein-Westfalen<br \/>Postanschrift: Postfach 20 04 44, 40102 D\u00fcsseldorf<br \/>Hausanschrift: Kavalleriestr. 2-4, 40213 D\u00fcsseldorf<br \/>Telefon: 0211\/38424-0, Fax: 0211\/38424-10<br \/>E-Mail: poststelle@ldi.nrw.de, Webseite: https:\/\/www.ldi.nrw.de\/<\/p><p><br \/><strong>8. Automatisierte Einzelfallentscheidungen<\/strong><\/p><p>Wir treffen die Entscheidungen, die Sie betreffen, anhand einer Einzelfallbetrachtung und der uns vorliegenden Informationen. Eine automatisierte Einzelfallentscheidung findet nicht statt.<\/p><p><br \/><strong>Analysedienst und Cookies<\/strong><\/p><p>Diese Webseite enth\u00e4lt keine Cookies und wird keinem Tracking unterzogen.<\/p>\t\t\t\t\t\t\t\t<\/div>\n\t\t\t\t\t<\/div>\n\t\t\t\t<\/div>\n\t\t<div class=\"elementor-element elementor-element-2a0e753 e-flex e-con-boxed wpr-particle-no wpr-jarallax-no wpr-parallax-no wpr-sticky-section-no wpr-column-slider-no wpr-equal-height-no e-con e-parent\" data-id=\"2a0e753\" data-element_type=\"container\" data-e-type=\"container\">\n\t\t\t\t\t<div class=\"e-con-inner\">\n\t\t\t\t\t<\/div>\n\t\t\t\t<\/div>\n\t\t\t\t<\/div>\n\t\t","protected":false},"excerpt":{"rendered":"<p>Datenschutzerkl\u00e4rung ProAssekuranzmakler GmbH hat sich der Integrit\u00e4t im Umgang mit ihren Kunden, Mitarbeitern und Gesch\u00e4ftspartnern verschrieben. Diese Verpflichtung gilt f\u00fcr alle pers\u00f6nlichen Daten, die wir von unseren Kunden und von Interessenten erhalten. Wir verpflichten uns, den Schutz der personenbezogenen Daten zu respektieren und die Vertraulichkeit von personenbezogenen Daten sowie die Sicherheit der Datenverarbeitungssysteme zu sch\u00fctzen. Mit den nachfolgenden Hinweisen informieren wir Sie \u2013 als Kunde bzw. Interessent \u2013 \u00fcber die Verarbeitung Ihrer personenbezogenen Daten durch die ProAssekuranzmakler GmbH und die Ihnen nach dem Datenschutzrecht zustehenden Rechte. 1. Verantwortlicher f\u00fcr die Datenverarbeitung Die Kontaktdaten des Verantwortlichen f\u00fcr die Datenverarbeitung und den DatenschutzProAssekuranzmakler GmbHStolkgasse 25-4550667 K\u00f6lnTelefon: 0221 \/ 931 254 &#8211; 89E-Mail: mail@proassekuranzmakler.deWebseite: www.proassekuranzmakler.de 2. Zwecke und Rechtsgrundlagen der Datenverarbeitung 2.1. Wir verarbeiten Ihre personenbezogenen Daten unter Beachtung der EU-Datenschutz-Grundverordnung (DSGVO), des Bundesdatenschutzgesetzes (BDSG) sowie aller weiteren ma\u00dfgeblichen Gesetze. 2.2. Wir verarbeiten folgende Kategorien personenbezogener Daten:PersonenstammdatenKontakt- und KommunikationsdatenVersicherungsvertrags- und Schadendaten inklusive Fotos von Sch\u00e4denFinanz-, Bankverbindungs- und Abrechnungsdaten sowie medizinische und gesundheitliche Daten, nur sofern Sie eine Lebens-, Renten- oder Unfallversicherung \u00fcber uns abschlie\u00dfen 2.3. F\u00fcr die Verarbeitung Ihrer Daten f\u00fcr den Zweck der \u00fcberpr\u00fcfung, Eindeckung und Betreuung von Versicherungsvertr\u00e4gen sowie Begleitung von Leistungs- und Schadenf\u00e4llen haben Sie uns eine Einwilligung gem\u00e4\u00df Art. 6 Abs. 1 a) bis 1 c) DSGVO oder, sofern es sich um die Verarbeitung besonderer Kategorien personenbezogener Daten f\u00fcr die Lebens-, Renten- oder Unfallversicherung handelt, Art. 9 Abs. 2 a) DSGVO erteilt. 2.4. Dar\u00fcber hinaus verarbeiten wir Ihre personenbezogenen Daten zur Erf\u00fcllung gesetzlicher Verpflichtungen wie z. B. aufsichtsrechtlicher Vorgaben, handels- und steuerrechtlicher Aufbewahrungspflichten oder unserer Beratungspflicht. Als Rechtsgrundlage f\u00fcr die Verarbeitung dienen in diesem Fall die jeweiligen gesetzlichen Regelungen in Verbindung mit Art. 6 Abs. 1 c) DSGVO. 2.5. Ihre Daten verarbeiten wir auch, um berechtigte Interessen von uns oder von Dritten zu wahren (Art. 6 Abs. 1 f) DSGVO). Dies kann insbesondere erforderlich sein:zur Erstellung von spezifischen Statistiken, z.B. Monatsabschl\u00fcssen, Bestandsentwicklung, Bestandsdaten f\u00fcr Rahmenvertr\u00e4ge, Schadenquoten zur Umdeckung und Sanierungsabwehr,zur Gew\u00e4hrleistung der IT-Sicherheit und des IT-Betriebs,zur Information oder Werbung in Zusammenhang mit neuen Risiken und versicherbaren Gefahren sowie Entwicklungen auf dem Versicherungsmarkt. 2.6. Die Betreuung Ihrer Vertr\u00e4ge (z.B. Abschluss, Anpassung, \u00c4nderung, Ruhestellung, Umdeckung, K\u00fcndigung) ist ohne die Verarbeitung Ihrer personenbezogenen Daten nicht m\u00f6glich. 2.7. Sollten wir Ihre personenbezogenen Daten f\u00fcr einen oben nicht genannten Zweck verarbeiten wollen, werden wir Sie im Rahmen der gesetzlichen Bestimmungen dar\u00fcber zuvor informieren. 3. Kategorien von Empf\u00e4ngern der personenbezogenen Daten 3.1. Allgemeine Datenverarbeitung in der Unternehmensgruppe:ProService Versicherungsmakler GmbH \u00fcbernimmt die gesamte Datenverarbeitung f\u00fcr die ProAssekuranzmakler GmbH. 3.2. Versicherungsmarkt-Teilnehmer:F\u00fcr die \u00fcberpr\u00fcfung, Eindeckung und Betreuung von Versicherungsvertr\u00e4gen sowie Begleitung von Leistungs- und Schadenf\u00e4llen, ist es erforderlich, dass wir Ihre Risiko-, Vertrags-, Schaden- und Leistungsdaten an Versicherer, R\u00fcckversicherer, Sachverst\u00e4ndige, Assekurateure, Spezialvermittler, Kooperationsmakler oder Maklerverbunde sowie Rechtsanw\u00e4lte, Steuerberater, Wirtschaftspr\u00fcfer, Ombudsm\u00e4nner und Rechtsnachfolger \u00fcbermitteln. F\u00fcr Auslandsrisiken werden auch entsprechende Versicherungsmarkt-Teilnehmer im Ausland einbezogen. Dar\u00fcber hinaus ist es m\u00f6glich, dass diese Unternehmen aufgrund ihrer besonderen Sachkunde bei der Risiko- oder Leistungspr\u00fcfung sowie bei der Bewertung von Verfahrensabl\u00e4ufen uns unterst\u00fctzen. Wir \u00fcbermitteln Ihre Daten an diese Unternehmen nur soweit dies f\u00fcr die Erf\u00fcllung unseres Beratungsauftrages Ihnen gegen\u00fcber erforderlich ist. 3.3. Externe Dienstleister:Wir bedienen uns zur Erf\u00fcllung unserer vertraglichen und gesetzlichen Pflichten zum Teil folgender externer Dienstleister.Unternehmen &#8211; Aufgaben Assfinet GmbH &#8211; Bereitstellung von Anwendungen und Datenbanken Host Europe GmbH &#8211; Bereitstellung und Betrieb von Cloud-Diensten, Rechenkapazit\u00e4ten und Speicherplatz Society Solutions GmbH &#8211; Bereitstellung und Betrieb von Cloud-Diensten, Rechenkapazit\u00e4ten und Speicherplatz Telekom Deutschland GmbH &#8211; Bereitstellung und Betrieb von Cloud-Diensten, Rechenkapazit\u00e4ten und Speicherplatz \u00a0 3.4. Weitere Empf\u00e4nger:Dar\u00fcber hinaus k\u00f6nnen wir Ihre personenbezogenen Daten an weitere Empf\u00e4nger \u00fcbermitteln, wie etwa an Beh\u00f6rden zur Erf\u00fcllung gesetzlicher Mitteilungspflichten (z. B. Sozialversicherungstr\u00e4ger, Finanzbeh\u00f6rden oder Strafverfolgungsbeh\u00f6rden). 4. Dauer der Datenspeicherung Wir l\u00f6schen Ihre personenbezogenen Daten sobald sie f\u00fcr die oben genannten Zwecke nicht mehr erforderlich sind. Dabei kann es vorkommen, dass personenbezogene Daten f\u00fcr die Zeit aufbewahrt werden, in der Anspr\u00fcche gegen unser Unternehmen geltend gemacht werden k\u00f6nnen (gesetzliche Verj\u00e4hrungsfrist von drei oder bis zu drei\u00dfig Jahren). Zudem speichern wir Ihre personenbezogenen Daten, soweit wir dazu gesetzlich verpflichtet sind. Entsprechende Nachweis- und Aufbewahrungspflichten ergeben sich unter anderem aus dem Handelsgesetzbuch, der Abgabenordnung und dem Geldw\u00e4schegesetz. Die Speicherfristen betragen danach bis zu zehn Jahren. 5. Recht auf Auskunft, Berichtigung, L\u00f6schung, Einschr\u00e4nkung der Verarbeitung und Daten\u00fcbertragbarkeit Sie k\u00f6nnen unter der o. g. Adresse Auskunft \u00fcber die zu Ihrer Person gespeicherten Daten verlangen. Dar\u00fcber hinaus k\u00f6nnen Sie unter bestimmten Voraussetzungen die Berichtigung oder die L\u00f6schung Ihrer Daten verlangen. Ihnen kann weiterhin ein Recht auf Einschr\u00e4nkung der Verarbeitung Ihrer Daten sowie ein Recht auf Herausgabe der von Ihnen bereitgestellten Daten in einem strukturierten, g\u00e4ngigen und maschinenlesbaren Format zustehen. 6. Widerspruchsrecht 6.1. Sie haben das Recht, einer Verarbeitung Ihrer personenbezogenen Daten zu Zwecken der Direktwerbung zu widersprechen. 6.2. Verarbeiten wir Ihre Daten zur Wahrung berechtigter Interessen, k\u00f6nnen Sie dieser Verarbeitung widersprechen, wenn sich aus Ihrer besonderen Situation Gr\u00fcnde ergeben, die gegen die Datenverarbeitung sprechen. 6.3. Eine von Ihnen erteilte Einwilligung gem\u00e4\u00df Art. 6 Abs. 1 lit. a oder Art. 9 Abs. 2 lit. a DSGVO k\u00f6nnen Sie jederzeit widerrufen, ohne dass die Rechtm\u00e4\u00dfigkeit der aufgrund der Einwilligung bis zum Widerruf erfolgten Verarbeitung ber\u00fchrt wird. 7. Beschwerderecht 7.1. Wenn Sie der Auffassung sind, dass eine Datenverarbeitung gegen Datenschutzrecht verst\u00f6\u00dft, haben Sie das Recht, sich bei einer Datenschutzaufsichtsbeh\u00f6rde Ihrer Wahl zu beschweren (Art. 77 DS-GVO i.V.m. \u00a7 19 BDSG). Hierzu geh\u00f6rt auch die f\u00fcr uns zust\u00e4ndige Datenschutzaufsichtsbeh\u00f6rde, die Sie der nachfolgenden Ziffer entnehmen k\u00f6nnen. 7.2. Kontaktdaten der Datenschutzaufsichtsbeh\u00f6rde:Landesbeauftragte f\u00fcr Datenschutz und Informationsfreiheit Nordrhein-WestfalenPostanschrift: Postfach 20 04 44, 40102 D\u00fcsseldorfHausanschrift: Kavalleriestr. 2-4, 40213 D\u00fcsseldorfTelefon: 0211\/38424-0, Fax: 0211\/38424-10E-Mail: poststelle@ldi.nrw.de, Webseite: https:\/\/www.ldi.nrw.de\/ 8. Automatisierte Einzelfallentscheidungen Wir treffen die Entscheidungen, die Sie betreffen, anhand einer Einzelfallbetrachtung und der uns vorliegenden Informationen. Eine automatisierte Einzelfallentscheidung findet nicht statt. Analysedienst und Cookies Diese Webseite enth\u00e4lt keine Cookies und wird keinem Tracking unterzogen.<\/p>\n","protected":false},"author":269596234,"featured_media":0,"parent":0,"menu_order":0,"comment_status":"closed","ping_status":"closed","template":"","meta":{"_crdt_document":"","footnotes":""},"class_list":["post-316","page","type-page","status-publish","hentry"],"_links":{"self":[{"href":"https:\/\/test.proassekuranzmakler.de\/index.php?rest_route=\/wp\/v2\/pages\/316","targetHints":{"allow":["GET"]}}],"collection":[{"href":"https:\/\/test.proassekuranzmakler.de\/index.php?rest_route=\/wp\/v2\/pages"}],"about":[{"href":"https:\/\/test.proassekuranzmakler.de\/index.php?rest_route=\/wp\/v2\/types\/page"}],"author":[{"embeddable":true,"href":"https:\/\/test.proassekuranzmakler.de\/index.php?rest_route=\/wp\/v2\/users\/269596234"}],"replies":[{"embeddable":true,"href":"https:\/\/test.proassekuranzmakler.de\/index.php?rest_route=%2Fwp%2Fv2%2Fcomments&post=316"}],"version-history":[{"count":0,"href":"https:\/\/test.proassekuranzmakler.de\/index.php?rest_route=\/wp\/v2\/pages\/316\/revisions"}],"wp:attachment":[{"href":"https:\/\/test.proassekuranzmakler.de\/index.php?rest_route=%2Fwp%2Fv2%2Fmedia&parent=316"}],"curies":[{"name":"wp","href":"https:\/\/api.w.org\/{rel}","templated":true}]}}